{"id":42,"date":"2019-07-17T14:50:37","date_gmt":"2019-07-17T12:50:37","guid":{"rendered":"http:\/\/zakenoune-avocat.fr\/?page_id=42"},"modified":"2025-02-04T14:34:30","modified_gmt":"2025-02-04T13:34:30","slug":"droit-de-la-responsabilite-civile-et-contrats","status":"publish","type":"page","link":"https:\/\/zakenoune-avocat.fr\/index.php\/droit-avocat-arras\/droit-de-la-responsabilite-civile-et-contrats\/","title":{"rendered":"Droit de la Responsabilit\u00e9 Civile et de la r\u00e9paration du Pr\u00e9judice Corporel"},"content":{"rendered":"","protected":false},"excerpt":{"rendered":"","protected":false},"author":1,"featured_media":0,"parent":642,"menu_order":0,"comment_status":"closed","ping_status":"closed","template":"","meta":{"footnotes":""},"class_list":["post-42","page","type-page","status-publish","hentry"],"_links":{"self":[{"href":"https:\/\/zakenoune-avocat.fr\/index.php\/wp-json\/wp\/v2\/pages\/42","targetHints":{"allow":["GET"]}}],"collection":[{"href":"https:\/\/zakenoune-avocat.fr\/index.php\/wp-json\/wp\/v2\/pages"}],"about":[{"href":"https:\/\/zakenoune-avocat.fr\/index.php\/wp-json\/wp\/v2\/types\/page"}],"author":[{"embeddable":true,"href":"https:\/\/zakenoune-avocat.fr\/index.php\/wp-json\/wp\/v2\/users\/1"}],"replies":[{"embeddable":true,"href":"https:\/\/zakenoune-avocat.fr\/index.php\/wp-json\/wp\/v2\/comments?post=42"}],"version-history":[{"count":5,"href":"https:\/\/zakenoune-avocat.fr\/index.php\/wp-json\/wp\/v2\/pages\/42\/revisions"}],"predecessor-version":[{"id":7645,"href":"https:\/\/zakenoune-avocat.fr\/index.php\/wp-json\/wp\/v2\/pages\/42\/revisions\/7645"}],"up":[{"embeddable":true,"href":"https:\/\/zakenoune-avocat.fr\/index.php\/wp-json\/wp\/v2\/pages\/642"}],"wp:attachment":[{"href":"https:\/\/zakenoune-avocat.fr\/index.php\/wp-json\/wp\/v2\/media?parent=42"}],"curies":[{"name":"wp","href":"https:\/\/api.w.org\/{rel}","templated":true}]}}